{"id":5270,"date":"2019-09-23T15:58:24","date_gmt":"2019-09-23T13:58:24","guid":{"rendered":"https:\/\/gernotschulzarchitektur.de\/datenschutz\/"},"modified":"2025-02-07T19:16:41","modified_gmt":"2025-02-07T18:16:41","slug":"politica-de-privacidad","status":"publish","type":"page","link":"https:\/\/gernotschulzarchitektur.de\/es\/politica-de-privacidad\/","title":{"rendered":"Pol\u00edtica de privacidad"},"content":{"rendered":"&#13;\n<h2 class=\"wp-block-heading\">Qui\u00e9nes somos<\/h2>&#13;\n&#13;\n<p>La direcci\u00f3n de nuestro sitio web es: http:\/\/localhost:8888\/gernot-schulz.<\/p>&#13;\n&#13;\n<h2 class=\"wp-block-heading\">Qu\u00e9 datos personales recogemos y por qu\u00e9 los recogemos<\/h2>&#13;\n&#13;\n<h3 class=\"wp-block-heading\">Comentarios<\/h3>&#13;\n&#13;\n<p>Cuando los visitantes publican comentarios en el sitio web, recopilamos los datos que aparecen en el formulario de comentarios, la direcci\u00f3n IP del visitante y la cadena de agente de usuario (que identifica el navegador) para ayudar a reconocer el spam.<\/p>&#13;\n&#13;\n<p>Se puede crear una cadena de caracteres anonimizada (tambi\u00e9n conocida como hash) a partir de tu direcci\u00f3n de correo electr\u00f3nico y pasarla al servicio Gravatar para comprobar si la est\u00e1s utilizando. Puede consultar la pol\u00edtica de privacidad del servicio Gravatar aqu\u00ed: https:\/\/automattic.com\/privacy\/. Una vez aprobado tu comentario, tu foto de perfil ser\u00e1 visible p\u00fablicamente en el contexto de tu comentario. <\/p>&#13;\n&#13;\n<h3 class=\"wp-block-heading\">Medios de comunicaci\u00f3n<\/h3>&#13;\n&#13;\n<p>Si eres un usuario registrado y subes fotos a este sitio web, debes evitar subir fotos con una localizaci\u00f3n GPS EXIF. Los visitantes de este sitio web podr\u00edan descargar fotos almacenadas en este sitio web y extraer su informaci\u00f3n de localizaci\u00f3n. <\/p>&#13;\n&#13;\n<h3 class=\"wp-block-heading\">Kontaktformulare<\/h3>&#13;\n&#13;\n<h3 class=\"wp-block-heading\">Cookies<\/h3>&#13;\n&#13;\n<p>Si escribe un comentario en nuestro sitio web, puede dar su consentimiento para guardar su nombre, direcci\u00f3n de correo electr\u00f3nico y sitio web en cookies. Se trata de una funci\u00f3n pr\u00e1ctica para que no tenga que volver a introducir todos estos datos cuando escriba otro comentario. Estas cookies se almacenan durante un a\u00f1o.  <\/p>&#13;\n&#13;\n<p>Si tiene una cuenta e inicia sesi\u00f3n en este sitio web, instalaremos una cookie temporal para determinar si su navegador acepta cookies. Esta cookie no contiene ning\u00fan dato personal y se descartar\u00e1 cuando cierre su navegador. <\/p>&#13;\n&#13;\n<p>Cuando se registre, instalaremos algunas cookies para almacenar su informaci\u00f3n de inicio de sesi\u00f3n y sus opciones de visualizaci\u00f3n. Las cookies de inicio de sesi\u00f3n caducan a los dos d\u00edas y las de opciones de visualizaci\u00f3n al a\u00f1o. Si selecciona \u00abSeguir conectado\u00bb al iniciar sesi\u00f3n, sus datos de inicio de sesi\u00f3n se mantendr\u00e1n durante quince d\u00edas. Cuando salga de su cuenta, se borrar\u00e1n las cookies de inicio de sesi\u00f3n.   <\/p>&#13;\n&#13;\n<p>Cuando edita o publica un art\u00edculo, se almacena una cookie adicional en su navegador. Esta cookie no contiene ning\u00fan dato personal y s\u00f3lo hace referencia a la ID de publicaci\u00f3n del art\u00edculo que acaba de editar. La cookie caduca al cabo de un d\u00eda.  <\/p>&#13;\n&#13;\n<h3 class=\"wp-block-heading\">Contenido incrustado de otros sitios web<\/h3>&#13;\n&#13;\n<p>Las entradas de este sitio web pueden incluir contenido incrustado (por ejemplo, v\u00eddeos, im\u00e1genes, art\u00edculos, etc.). El contenido incrustado de otros sitios web se comporta exactamente igual que si el visitante hubiera visitado el otro sitio web. <\/p>&#13;\n&#13;\n<p>Estos sitios web pueden recopilar datos sobre usted, utilizar cookies, incrustar servicios adicionales de seguimiento de terceros y registrar su interacci\u00f3n con este contenido incrustado, incluida su interacci\u00f3n con el contenido incrustado si tiene una cuenta y ha iniciado sesi\u00f3n en este sitio web.<\/p>&#13;\n&#13;\n<h3 class=\"wp-block-heading\">Servicios de an\u00e1lisis<\/h3>&#13;\n&#13;\n<h2 class=\"wp-block-heading\">Con qui\u00e9n compartimos sus datos<\/h2>&#13;\n&#13;\n<h2 class=\"wp-block-heading\">Cu\u00e1nto tiempo almacenamos sus datos<\/h2>&#13;\n&#13;\n<p>Cuando escribe un comentario, \u00e9ste se guarda indefinidamente, incluidos los metadatos. De este modo, podemos reconocer y aprobar autom\u00e1ticamente los comentarios de seguimiento en lugar de retenerlos en una cola de moderaci\u00f3n. <\/p>&#13;\n&#13;\n<p>En el caso de los usuarios que se registran en nuestro sitio web, tambi\u00e9n almacenamos la informaci\u00f3n personal que nos facilitan en sus perfiles de usuario. Todos los usuarios pueden ver, cambiar o borrar su informaci\u00f3n personal en cualquier momento (el nombre de usuario no puede cambiarse). Los administradores del sitio web tambi\u00e9n pueden ver y modificar esta informaci\u00f3n.  <\/p>&#13;\n&#13;\n<h2 class=\"wp-block-heading\">Qu\u00e9 derechos tiene sobre sus datos<\/h2>&#13;\n&#13;\n<p>Si tiene una cuenta en este sitio web o ha escrito comentarios, puede solicitarnos la exportaci\u00f3n de sus datos personales, incluidos los que nos haya facilitado. Adem\u00e1s, puede solicitar la supresi\u00f3n de todos los datos personales que hayamos almacenado sobre usted. Esto no incluye los datos que debamos conservar por motivos administrativos, legales o de seguridad.  <\/p>&#13;\n&#13;\n<h2 class=\"wp-block-heading\">D\u00f3nde enviamos sus datos<\/h2>&#13;\n&#13;\n<p>Los comentarios de los visitantes podr\u00edan ser analizados por un servicio automatizado de detecci\u00f3n de spam.<\/p>&#13;\n&#13;\n<h2 class=\"wp-block-heading\">Sus datos de contacto<\/h2>&#13;\n&#13;\n<h2 class=\"wp-block-heading\">Para m\u00e1s informaci\u00f3n<\/h2>&#13;\n&#13;\n<h3 class=\"wp-block-heading\">C\u00f3mo protegemos sus datos<\/h3>&#13;\n&#13;\n<h3 class=\"wp-block-heading\">Qu\u00e9 medidas ofrecemos en caso de violaci\u00f3n de datos<\/h3>&#13;\n&#13;\n<h3 class=\"wp-block-heading\">De qu\u00e9 proveedores recibimos datos<\/h3>&#13;\n&#13;\n<h3 class=\"wp-block-heading\">Qu\u00e9 toma de decisiones automatizada y\/o elaboraci\u00f3n de perfiles llevamos a cabo con los datos de los usuarios<\/h3>&#13;\n&#13;\n<h3 class=\"wp-block-heading\">Requisitos reglamentarios industriales<\/h3>&#13;\n","protected":false},"excerpt":{"rendered":"<p>&#13; Qui\u00e9nes somos &#13; &#13; La direcci\u00f3n de nuestro sitio web es: http:\/\/localhost:8888\/gernot-schulz. &#13; &#13; Qu\u00e9 datos personales recogemos y por qu\u00e9 los recogemos &#13; &#13; Comentarios &#13; &#13; Cuando los visitantes publican comentarios en el sitio web, recopilamos los datos que aparecen en el formulario de comentarios, la direcci\u00f3n IP del visitante y la [&hellip;]<\/p>\n","protected":false},"author":2,"featured_media":0,"parent":0,"menu_order":0,"comment_status":"closed","ping_status":"open","template":"","meta":{"_acf_changed":false,"footnotes":""},"class_list":["post-5270","page","type-page","status-publish","hentry"],"acf":[],"yoast_head":"<!-- This site is optimized with the Yoast SEO plugin v27.4 - https:\/\/yoast.com\/product\/yoast-seo-wordpress\/ -->\n<title>Pol\u00edtica de privacidad \u2039 gernot schulz : architektur<\/title>\n<meta name=\"robots\" content=\"index, follow, max-snippet:-1, max-image-preview:large, max-video-preview:-1\" \/>\n<link rel=\"canonical\" href=\"https:\/\/gernotschulzarchitektur.de\/es\/politica-de-privacidad\/\" \/>\n<meta property=\"og:locale\" content=\"es_ES\" \/>\n<meta property=\"og:type\" content=\"article\" \/>\n<meta property=\"og:title\" content=\"Pol\u00edtica de privacidad \u2039 gernot schulz : architektur\" \/>\n<meta property=\"og:description\" content=\"&#013; Qui\u00e9nes somos &#013; &#013; La direcci\u00f3n de nuestro sitio web es: http:\/\/localhost:8888\/gernot-schulz. &#013; &#013; Qu\u00e9 datos personales recogemos y por qu\u00e9 los recogemos &#013; &#013; Comentarios &#013; &#013; Cuando los visitantes publican comentarios en el sitio web, recopilamos los datos que aparecen en el formulario de comentarios, la direcci\u00f3n IP del visitante y la [&hellip;]\" \/>\n<meta property=\"og:url\" content=\"https:\/\/gernotschulzarchitektur.de\/es\/politica-de-privacidad\/\" \/>\n<meta property=\"og:site_name\" content=\"gernot schulz : architektur\" \/>\n<meta property=\"article:modified_time\" content=\"2025-02-07T18:16:41+00:00\" \/>\n<meta name=\"twitter:card\" content=\"summary_large_image\" \/>\n<meta name=\"twitter:label1\" content=\"Tiempo de lectura\" \/>\n\t<meta name=\"twitter:data1\" content=\"4 minutos\" \/>\n<script type=\"application\/ld+json\" class=\"yoast-schema-graph\">{\"@context\":\"https:\\\/\\\/schema.org\",\"@graph\":[{\"@type\":\"WebPage\",\"@id\":\"https:\\\/\\\/gernotschulzarchitektur.de\\\/es\\\/politica-de-privacidad\\\/\",\"url\":\"https:\\\/\\\/gernotschulzarchitektur.de\\\/es\\\/politica-de-privacidad\\\/\",\"name\":\"Pol\u00edtica de privacidad \u2039 gernot schulz : architektur\",\"isPartOf\":{\"@id\":\"https:\\\/\\\/gernotschulzarchitektur.de\\\/es\\\/#website\"},\"datePublished\":\"2019-09-23T13:58:24+00:00\",\"dateModified\":\"2025-02-07T18:16:41+00:00\",\"breadcrumb\":{\"@id\":\"https:\\\/\\\/gernotschulzarchitektur.de\\\/es\\\/politica-de-privacidad\\\/#breadcrumb\"},\"inLanguage\":\"es\",\"potentialAction\":[{\"@type\":\"ReadAction\",\"target\":[\"https:\\\/\\\/gernotschulzarchitektur.de\\\/es\\\/politica-de-privacidad\\\/\"]}]},{\"@type\":\"BreadcrumbList\",\"@id\":\"https:\\\/\\\/gernotschulzarchitektur.de\\\/es\\\/politica-de-privacidad\\\/#breadcrumb\",\"itemListElement\":[{\"@type\":\"ListItem\",\"position\":1,\"name\":\"Startseite\",\"item\":\"https:\\\/\\\/gernotschulzarchitektur.de\\\/es\\\/\"},{\"@type\":\"ListItem\",\"position\":2,\"name\":\"Pol\u00edtica de privacidad\"}]},{\"@type\":\"WebSite\",\"@id\":\"https:\\\/\\\/gernotschulzarchitektur.de\\\/es\\\/#website\",\"url\":\"https:\\\/\\\/gernotschulzarchitektur.de\\\/es\\\/\",\"name\":\"gernot schulz : architektur\",\"description\":\"\",\"potentialAction\":[{\"@type\":\"SearchAction\",\"target\":{\"@type\":\"EntryPoint\",\"urlTemplate\":\"https:\\\/\\\/gernotschulzarchitektur.de\\\/es\\\/?s={search_term_string}\"},\"query-input\":{\"@type\":\"PropertyValueSpecification\",\"valueRequired\":true,\"valueName\":\"search_term_string\"}}],\"inLanguage\":\"es\"}]}<\/script>\n<!-- \/ Yoast SEO plugin. -->","yoast_head_json":{"title":"Pol\u00edtica de privacidad \u2039 gernot schulz : architektur","robots":{"index":"index","follow":"follow","max-snippet":"max-snippet:-1","max-image-preview":"max-image-preview:large","max-video-preview":"max-video-preview:-1"},"canonical":"https:\/\/gernotschulzarchitektur.de\/es\/politica-de-privacidad\/","og_locale":"es_ES","og_type":"article","og_title":"Pol\u00edtica de privacidad \u2039 gernot schulz : architektur","og_description":"&#13; Qui\u00e9nes somos &#13; &#13; La direcci\u00f3n de nuestro sitio web es: http:\/\/localhost:8888\/gernot-schulz. &#13; &#13; Qu\u00e9 datos personales recogemos y por qu\u00e9 los recogemos &#13; &#13; Comentarios &#13; &#13; Cuando los visitantes publican comentarios en el sitio web, recopilamos los datos que aparecen en el formulario de comentarios, la direcci\u00f3n IP del visitante y la [&hellip;]","og_url":"https:\/\/gernotschulzarchitektur.de\/es\/politica-de-privacidad\/","og_site_name":"gernot schulz : architektur","article_modified_time":"2025-02-07T18:16:41+00:00","twitter_card":"summary_large_image","twitter_misc":{"Tiempo de lectura":"4 minutos"},"schema":{"@context":"https:\/\/schema.org","@graph":[{"@type":"WebPage","@id":"https:\/\/gernotschulzarchitektur.de\/es\/politica-de-privacidad\/","url":"https:\/\/gernotschulzarchitektur.de\/es\/politica-de-privacidad\/","name":"Pol\u00edtica de privacidad \u2039 gernot schulz : architektur","isPartOf":{"@id":"https:\/\/gernotschulzarchitektur.de\/es\/#website"},"datePublished":"2019-09-23T13:58:24+00:00","dateModified":"2025-02-07T18:16:41+00:00","breadcrumb":{"@id":"https:\/\/gernotschulzarchitektur.de\/es\/politica-de-privacidad\/#breadcrumb"},"inLanguage":"es","potentialAction":[{"@type":"ReadAction","target":["https:\/\/gernotschulzarchitektur.de\/es\/politica-de-privacidad\/"]}]},{"@type":"BreadcrumbList","@id":"https:\/\/gernotschulzarchitektur.de\/es\/politica-de-privacidad\/#breadcrumb","itemListElement":[{"@type":"ListItem","position":1,"name":"Startseite","item":"https:\/\/gernotschulzarchitektur.de\/es\/"},{"@type":"ListItem","position":2,"name":"Pol\u00edtica de privacidad"}]},{"@type":"WebSite","@id":"https:\/\/gernotschulzarchitektur.de\/es\/#website","url":"https:\/\/gernotschulzarchitektur.de\/es\/","name":"gernot schulz : architektur","description":"","potentialAction":[{"@type":"SearchAction","target":{"@type":"EntryPoint","urlTemplate":"https:\/\/gernotschulzarchitektur.de\/es\/?s={search_term_string}"},"query-input":{"@type":"PropertyValueSpecification","valueRequired":true,"valueName":"search_term_string"}}],"inLanguage":"es"}]}},"_links":{"self":[{"href":"https:\/\/gernotschulzarchitektur.de\/es\/wp-json\/wp\/v2\/pages\/5270","targetHints":{"allow":["GET"]}}],"collection":[{"href":"https:\/\/gernotschulzarchitektur.de\/es\/wp-json\/wp\/v2\/pages"}],"about":[{"href":"https:\/\/gernotschulzarchitektur.de\/es\/wp-json\/wp\/v2\/types\/page"}],"author":[{"embeddable":true,"href":"https:\/\/gernotschulzarchitektur.de\/es\/wp-json\/wp\/v2\/users\/2"}],"replies":[{"embeddable":true,"href":"https:\/\/gernotschulzarchitektur.de\/es\/wp-json\/wp\/v2\/comments?post=5270"}],"version-history":[{"count":3,"href":"https:\/\/gernotschulzarchitektur.de\/es\/wp-json\/wp\/v2\/pages\/5270\/revisions"}],"predecessor-version":[{"id":5386,"href":"https:\/\/gernotschulzarchitektur.de\/es\/wp-json\/wp\/v2\/pages\/5270\/revisions\/5386"}],"wp:attachment":[{"href":"https:\/\/gernotschulzarchitektur.de\/es\/wp-json\/wp\/v2\/media?parent=5270"}],"curies":[{"name":"wp","href":"https:\/\/api.w.org\/{rel}","templated":true}]}}